{"id":1285,"date":"2025-04-14T11:16:16","date_gmt":"2025-04-14T15:16:16","guid":{"rendered":"https:\/\/hackathonfiam-ia.com\/code-of-ethics\/"},"modified":"2025-04-15T10:53:53","modified_gmt":"2025-04-15T14:53:53","slug":"code-dethique","status":"publish","type":"page","link":"https:\/\/hackathonfiam-ia.com\/fr\/code-dethique\/","title":{"rendered":"Code d&rsquo;\u00e9thique"},"content":{"rendered":"[vc_row type=\u00a0\u00bbin_container\u00a0\u00bb full_screen_row_position=\u00a0\u00bbmiddle\u00a0\u00bb column_margin=\u00a0\u00bbdefault\u00a0\u00bb column_direction=\u00a0\u00bbdefault\u00a0\u00bb column_direction_tablet=\u00a0\u00bbdefault\u00a0\u00bb column_direction_phone=\u00a0\u00bbdefault\u00a0\u00bb scene_position=\u00a0\u00bbcenter\u00a0\u00bb text_color=\u00a0\u00bbdark\u00a0\u00bb text_align=\u00a0\u00bbleft\u00a0\u00bb row_border_radius=\u00a0\u00bbnone\u00a0\u00bb row_border_radius_applies=\u00a0\u00bbbg\u00a0\u00bb overflow=\u00a0\u00bbvisible\u00a0\u00bb overlay_strength=\u00a0\u00bb0.3&Prime; gradient_direction=\u00a0\u00bbleft_to_right\u00a0\u00bb shape_divider_position=\u00a0\u00bbbottom\u00a0\u00bb bg_image_animation=\u00a0\u00bbnone\u00a0\u00bb][vc_column column_padding=\u00a0\u00bbno-extra-padding\u00a0\u00bb column_padding_tablet=\u00a0\u00bbinherit\u00a0\u00bb column_padding_phone=\u00a0\u00bbinherit\u00a0\u00bb column_padding_position=\u00a0\u00bball\u00a0\u00bb column_element_direction_desktop=\u00a0\u00bbdefault\u00a0\u00bb column_element_spacing=\u00a0\u00bbdefault\u00a0\u00bb desktop_text_alignment=\u00a0\u00bbdefault\u00a0\u00bb tablet_text_alignment=\u00a0\u00bbdefault\u00a0\u00bb phone_text_alignment=\u00a0\u00bbdefault\u00a0\u00bb background_color_opacity=\u00a0\u00bb1&Prime; background_hover_color_opacity=\u00a0\u00bb1&Prime; column_backdrop_filter=\u00a0\u00bbnone\u00a0\u00bb column_shadow=\u00a0\u00bbnone\u00a0\u00bb column_border_radius=\u00a0\u00bbnone\u00a0\u00bb column_link_target=\u00a0\u00bb_self\u00a0\u00bb column_position=\u00a0\u00bbdefault\u00a0\u00bb gradient_direction=\u00a0\u00bbleft_to_right\u00a0\u00bb overlay_strength=\u00a0\u00bb0.3&Prime; width=\u00a0\u00bb5\/6&Prime; tablet_width_inherit=\u00a0\u00bbdefault\u00a0\u00bb animation_type=\u00a0\u00bbdefault\u00a0\u00bb bg_image_animation=\u00a0\u00bbnone\u00a0\u00bb border_type=\u00a0\u00bbsimple\u00a0\u00bb column_border_width=\u00a0\u00bbnone\u00a0\u00bb column_border_style=\u00a0\u00bbsolid\u00a0\u00bb column_padding_type=\u00a0\u00bbdefault\u00a0\u00bb gradient_type=\u00a0\u00bbdefault\u00a0\u00bb offset=\u00a0\u00bbvc_col-sm-offset-1&Prime;][divider line_type=\u00a0\u00bbNo Line\u00a0\u00bb custom_height=\u00a0\u00bb100&Prime;][vc_custom_heading text=\u00a0\u00bbCode of Ethics\u00a0\u00bb font_container=\u00a0\u00bbtag:h1|text_align:left\u00a0\u00bb use_theme_fonts=\u00a0\u00bbyes\u00a0\u00bb css=\u00a0\u00bb\u00a0\u00bb][divider line_type=\u00a0\u00bbNo Line\u00a0\u00bb custom_height=\u00a0\u00bb100&Prime;][vc_column_text css=\u00a0\u00bb\u00a0\u00bb text_direction=\u00a0\u00bbdefault\u00a0\u00bb]<span style=\"font-weight: 400;\">La participation au Hackathon de gestion d\u2019actifs repose sur des valeurs d\u2019int\u00e9grit\u00e9, de collaboration, d\u2019inclusion et de respect. Ce code d\u2019\u00e9thique a pour but d\u2019assurer un environnement stimulant, s\u00e9curitaire et \u00e9quitable pour tous les participants, mentors, juges, conf\u00e9renciers, organisateurs et partenaires.<\/span><\/p>\n<p><span style=\"font-weight: 400;\">Le \u00ab\u202fParticipant\u202f\u00bb d\u00e9signe toute personne prenant part au Hackathon de gestion d\u2019actifs, \u00e0 titre de concurrent. Sont \u00e9galement incluses, le cas \u00e9ch\u00e9ant, les tierces personnes accompagnatrices ou associ\u00e9es \u00e0 la participation (ex. : mentors invit\u00e9s, collaborateurs externes, etc.).<\/span><\/p>\n<p><span style=\"font-weight: 400;\">Tous les participants au Hackathon sont li\u00e9s par le pr\u00e9sent code d\u2019\u00e9thique.<\/span><\/p>\n<p><i><span style=\"font-weight: 400;\">Note : L\u2019emploi du masculin ou de tout terme g\u00e9n\u00e9rique dans ce document d\u00e9signe toute personne, sans \u00e9gard au genre.<\/span><\/i><\/p>\n<p>&nbsp;<\/p>\n<p><b>1. Connaissance et respect des r\u00e8glements<br \/>\n<\/b><span style=\"font-weight: 400;\">Chaque participant s\u2019engage \u00e0 prendre connaissance des r\u00e8glements du Hackathon de gestion d\u2019actifs et \u00e0 s\u2019y conformer pleinement.<\/span><\/p>\n<p>&nbsp;<\/p>\n<p><b>2. Int\u00e9grit\u00e9 et \u00e9quit\u00e9<br \/>\n<\/b><span style=\"font-weight: 400;\">Chaque participant s\u2019engage \u00e0 pr\u00e9senter un travail original, con\u00e7u pendant le hackathon.<\/span><\/p>\n<p><span style=\"font-weight: 400;\">Toute forme de tricherie, plagiat, ou tentative de contourner les r\u00e8gles est strictement interdite.<\/span><\/p>\n<p><span style=\"font-weight: 400;\">Les d\u00e9cisions rendues par le jury et le comit\u00e9 organisateur sont finales et sans appel. Les participants s\u2019engagent \u00e0 les respecter, quelles qu\u2019elles soient.<\/span><\/p>\n<p>&nbsp;<\/p>\n<p><b>3. Respect et collaboration<br \/>\n<\/b><span style=\"font-weight: 400;\">Le respect mutuel est essentiel : aucun comportement discriminatoire, harcelant ou offensant ne sera tol\u00e9r\u00e9.<\/span><\/p>\n<p><span style=\"font-weight: 400;\">Les participants doivent faire preuve d\u2019\u00e9coute, de courtoisie et d\u2019esprit d\u2019\u00e9quipe, que ce soit avec leurs co\u00e9quipiers ou les autres \u00e9quipes.<\/span><\/p>\n<p><span style=\"font-weight: 400;\">L\u2019usage d\u2019un langage inclusif est encourag\u00e9 tout au long de l\u2019\u00e9v\u00e9nement.<\/span><\/p>\n<p>&nbsp;<\/p>\n<p><b>4. Transparence<br \/>\n<\/b><span style=\"font-weight: 400;\">Toute utilisation de ressources externes, de donn\u00e9es ou de technologies pr\u00e9existantes doit \u00eatre clairement identifi\u00e9e et conforme aux r\u00e8gles de propri\u00e9t\u00e9 intellectuelle.<\/span><\/p>\n<p><span style=\"font-weight: 400;\">Les participants doivent s\u2019assurer que les donn\u00e9es utilis\u00e9es respectent les lois sur la vie priv\u00e9e.<\/span><\/p>\n<p>&nbsp;<\/p>\n<p><b>5. Engagement<br \/>\n<\/b><span style=\"font-weight: 400;\">En s\u2019inscrivant, chaque participant s\u2019engage \u00e0 \u00eatre pr\u00e9sent pour la dur\u00e9e compl\u00e8te du hackathon, sauf cas exceptionnel. Toute absence pr\u00e9vue doit \u00eatre communiqu\u00e9e aux organisateurs \u00e0 l\u2019avance. Les membres d\u2019une \u00e9quipe sont responsables de leur contribution et de leur implication dans le projet.<\/span><\/p>\n<p>&nbsp;<\/p>\n<p><b>6. Responsabilit\u00e9<br \/>\n<\/b><span style=\"font-weight: 400;\">Chaque participant est responsable de son comportement et de l\u2019usage du mat\u00e9riel, des lieux et des plateformes mis \u00e0 disposition. Il est attendu que tous respectent les espaces pr\u00eat\u00e9s et les laissent dans l\u2019\u00e9tat o\u00f9 ils les ont trouv\u00e9s.<\/span><\/p>\n<p><span style=\"font-weight: 400;\">En cas de probl\u00e8me, les participants sont invit\u00e9s \u00e0 contacter imm\u00e9diatement un membre de l\u2019organisation.<\/span><\/p>\n<p>&nbsp;<\/p>\n<p><b>7. Comportement en public ou sur les r\u00e9seaux sociaux<br \/>\n<\/b><span style=\"font-weight: 400;\">Le participant ne doit en aucun cas se pr\u00e9senter comme porte-parole officiel du Hackathon de gestion d&rsquo;actifs, ni comme repr\u00e9sentant de ses organisateurs ou partenaires. Toute prise de parole publique, notamment aupr\u00e8s des m\u00e9dias ou sur les r\u00e9seaux sociaux, doit se faire \u00e0 titre personnel, et le participant doit clairement indiquer que ses propos n\u2019engagent que lui. Il est \u00e9galement de sa responsabilit\u00e9 de s\u2019assurer que ses d\u00e9clarations soient honn\u00eates, respectueuses et fid\u00e8les \u00e0 l\u2019esprit de l\u2019\u00e9v\u00e9nement. Le participant doit \u00eatre conscient que, dans certains contextes, ses propos peuvent \u00eatre per\u00e7us comme repr\u00e9sentatifs du Hackathon de gestion d&rsquo;actifs. Il est donc tenu de faire preuve de discernement et de respect envers tous les acteurs impliqu\u00e9s dans l\u2019\u00e9v\u00e9nement.<\/span><\/p>\n<p>&nbsp;<\/p>\n<p><b>8. Sanctions et disqualification<br \/>\n<\/b><span style=\"font-weight: 400;\">Le non-respect du pr\u00e9sent code d\u2019\u00e9thique peut entra\u00eener des sanctions, allant d\u2019un avertissement \u00e0 l\u2019expulsion de l\u2019\u00e9v\u00e9nement, sans remboursement ni recours. Tout comportement jug\u00e9 inacceptable par l\u2019organisation peut mener \u00e0 une disqualification imm\u00e9diate. En cas de faute grave, notamment en cas d\u2019intimidation ou de conduite irrespectueuse, des sanctions additionnelles pourront \u00eatre appliqu\u00e9es.<\/span>[\/vc_column_text][divider line_type=\u00a0\u00bbNo Line\u00a0\u00bb custom_height=\u00a0\u00bb100&Prime;][\/vc_column][\/vc_row]\n","protected":false},"excerpt":{"rendered":"<p>[vc_row type=\u00a0\u00bbin_container\u00a0\u00bb full_screen_row_position=\u00a0\u00bbmiddle\u00a0\u00bb column_margin=\u00a0\u00bbdefault\u00a0\u00bb column_direction=\u00a0\u00bbdefault\u00a0\u00bb column_direction_tablet=\u00a0\u00bbdefault\u00a0\u00bb column_direction_phone=\u00a0\u00bbdefault\u00a0\u00bb scene_position=\u00a0\u00bbcenter\u00a0\u00bb text_color=\u00a0\u00bbdark\u00a0\u00bb text_align=\u00a0\u00bbleft\u00a0\u00bb row_border_radius=\u00a0\u00bbnone\u00a0\u00bb row_border_radius_applies=\u00a0\u00bbbg\u00a0\u00bb overflow=\u00a0\u00bbvisible\u00a0\u00bb overlay_strength=\u00a0\u00bb0.3&Prime; gradient_direction=\u00a0\u00bbleft_to_right\u00a0\u00bb shape_divider_position=\u00a0\u00bbbottom\u00a0\u00bb bg_image_animation=\u00a0\u00bbnone\u00a0\u00bb][vc_column column_padding=\u00a0\u00bbno-extra-padding\u00a0\u00bb column_padding_tablet=\u00a0\u00bbinherit\u00a0\u00bb column_padding_phone=\u00a0\u00bbinherit\u00a0\u00bb column_padding_position=\u00a0\u00bball\u00a0\u00bb column_element_direction_desktop=\u00a0\u00bbdefault\u00a0\u00bb column_element_spacing=\u00a0\u00bbdefault\u00a0\u00bb desktop_text_alignment=\u00a0\u00bbdefault\u00a0\u00bb tablet_text_alignment=\u00a0\u00bbdefault\u00a0\u00bb phone_text_alignment=\u00a0\u00bbdefault\u00a0\u00bb background_color_opacity=\u00a0\u00bb1&Prime; background_hover_color_opacity=\u00a0\u00bb1&Prime; column_backdrop_filter=\u00a0\u00bbnone\u00a0\u00bb column_shadow=\u00a0\u00bbnone\u00a0\u00bb column_border_radius=\u00a0\u00bbnone\u00a0\u00bb column_link_target=\u00a0\u00bb_self\u00a0\u00bb column_position=\u00a0\u00bbdefault\u00a0\u00bb gradient_direction=\u00a0\u00bbleft_to_right\u00a0\u00bb overlay_strength=\u00a0\u00bb0.3&Prime; width=\u00a0\u00bb5\/6&Prime; tablet_width_inherit=\u00a0\u00bbdefault\u00a0\u00bb animation_type=\u00a0\u00bbdefault\u00a0\u00bb bg_image_animation=\u00a0\u00bbnone\u00a0\u00bb border_type=\u00a0\u00bbsimple\u00a0\u00bb column_border_width=\u00a0\u00bbnone\u00a0\u00bb column_border_style=\u00a0\u00bbsolid\u00a0\u00bb column_padding_type=\u00a0\u00bbdefault\u00a0\u00bb gradient_type=\u00a0\u00bbdefault\u00a0\u00bb offset=\u00a0\u00bbvc_col-sm-offset-1&Prime;][divider line_type=\u00a0\u00bbNo Line\u00a0\u00bb custom_height=\u00a0\u00bb100&Prime;][vc_custom_heading text=\u00a0\u00bbCode of&#8230;<\/p>\n","protected":false},"author":1,"featured_media":0,"parent":0,"menu_order":0,"comment_status":"closed","ping_status":"closed","template":"","meta":{"_eb_attr":"","footnotes":""},"class_list":["post-1285","page","type-page","status-publish"],"_links":{"self":[{"href":"https:\/\/hackathonfiam-ia.com\/fr\/wp-json\/wp\/v2\/pages\/1285","targetHints":{"allow":["GET"]}}],"collection":[{"href":"https:\/\/hackathonfiam-ia.com\/fr\/wp-json\/wp\/v2\/pages"}],"about":[{"href":"https:\/\/hackathonfiam-ia.com\/fr\/wp-json\/wp\/v2\/types\/page"}],"author":[{"embeddable":true,"href":"https:\/\/hackathonfiam-ia.com\/fr\/wp-json\/wp\/v2\/users\/1"}],"replies":[{"embeddable":true,"href":"https:\/\/hackathonfiam-ia.com\/fr\/wp-json\/wp\/v2\/comments?post=1285"}],"version-history":[{"count":0,"href":"https:\/\/hackathonfiam-ia.com\/fr\/wp-json\/wp\/v2\/pages\/1285\/revisions"}],"wp:attachment":[{"href":"https:\/\/hackathonfiam-ia.com\/fr\/wp-json\/wp\/v2\/media?parent=1285"}],"curies":[{"name":"wp","href":"https:\/\/api.w.org\/{rel}","templated":true}]}}