{"id":861,"date":"2025-02-19T15:36:08","date_gmt":"2025-02-19T20:36:08","guid":{"rendered":"https:\/\/hackathonfiam-ia.com\/politique-de-confidentialite\/"},"modified":"2026-01-13T09:25:19","modified_gmt":"2026-01-13T14:25:19","slug":"politique-de-confidentialite","status":"publish","type":"page","link":"https:\/\/hackathonfiam-ia.com\/fr\/politique-de-confidentialite\/","title":{"rendered":"Politique de confidentialit\u00e9"},"content":{"rendered":"[vc_row type=\u00a0\u00bbin_container\u00a0\u00bb full_screen_row_position=\u00a0\u00bbmiddle\u00a0\u00bb column_margin=\u00a0\u00bbdefault\u00a0\u00bb column_direction=\u00a0\u00bbdefault\u00a0\u00bb column_direction_tablet=\u00a0\u00bbdefault\u00a0\u00bb column_direction_phone=\u00a0\u00bbdefault\u00a0\u00bb scene_position=\u00a0\u00bbcenter\u00a0\u00bb text_color=\u00a0\u00bbdark\u00a0\u00bb text_align=\u00a0\u00bbleft\u00a0\u00bb row_border_radius=\u00a0\u00bbnone\u00a0\u00bb row_border_radius_applies=\u00a0\u00bbbg\u00a0\u00bb overflow=\u00a0\u00bbvisible\u00a0\u00bb overlay_strength=\u00a0\u00bb0.3&Prime; gradient_direction=\u00a0\u00bbleft_to_right\u00a0\u00bb shape_divider_position=\u00a0\u00bbbottom\u00a0\u00bb bg_image_animation=\u00a0\u00bbnone\u00a0\u00bb][vc_column column_padding=\u00a0\u00bbno-extra-padding\u00a0\u00bb column_padding_tablet=\u00a0\u00bbinherit\u00a0\u00bb column_padding_phone=\u00a0\u00bbinherit\u00a0\u00bb column_padding_position=\u00a0\u00bball\u00a0\u00bb column_element_direction_desktop=\u00a0\u00bbdefault\u00a0\u00bb column_element_spacing=\u00a0\u00bbdefault\u00a0\u00bb desktop_text_alignment=\u00a0\u00bbdefault\u00a0\u00bb tablet_text_alignment=\u00a0\u00bbdefault\u00a0\u00bb phone_text_alignment=\u00a0\u00bbdefault\u00a0\u00bb background_color_opacity=\u00a0\u00bb1&Prime; background_hover_color_opacity=\u00a0\u00bb1&Prime; column_backdrop_filter=\u00a0\u00bbnone\u00a0\u00bb column_shadow=\u00a0\u00bbnone\u00a0\u00bb column_border_radius=\u00a0\u00bbnone\u00a0\u00bb column_link_target=\u00a0\u00bb_self\u00a0\u00bb column_position=\u00a0\u00bbdefault\u00a0\u00bb gradient_direction=\u00a0\u00bbleft_to_right\u00a0\u00bb overlay_strength=\u00a0\u00bb0.3&Prime; width=\u00a0\u00bb5\/6&Prime; tablet_width_inherit=\u00a0\u00bbdefault\u00a0\u00bb animation_type=\u00a0\u00bbdefault\u00a0\u00bb bg_image_animation=\u00a0\u00bbnone\u00a0\u00bb border_type=\u00a0\u00bbsimple\u00a0\u00bb column_border_width=\u00a0\u00bbnone\u00a0\u00bb column_border_style=\u00a0\u00bbsolid\u00a0\u00bb column_padding_type=\u00a0\u00bbdefault\u00a0\u00bb gradient_type=\u00a0\u00bbdefault\u00a0\u00bb offset=\u00a0\u00bbvc_col-sm-offset-1&Prime;][divider line_type=\u00a0\u00bbNo Line\u00a0\u00bb custom_height=\u00a0\u00bb100&Prime;][vc_custom_heading text=\u00a0\u00bbPolitique de confidentialit\u00e9\u00a0\u00bb font_container=\u00a0\u00bbtag:h1|text_align:left\u00a0\u00bb use_theme_fonts=\u00a0\u00bbyes\u00a0\u00bb css=\u00a0\u00bb\u00a0\u00bb][divider line_type=\u00a0\u00bbNo Line\u00a0\u00bb custom_height=\u00a0\u00bb100&Prime;][vc_column_text css=\u00a0\u00bb\u00a0\u00bb text_direction=\u00a0\u00bbdefault\u00a0\u00bb]\n<p style=\"text-align: left;\"><strong><u>Le but de cette politique de confidentialit\u00e9 <\/u><\/strong><\/p>\n<p>Le but de cette politique de confidentialit\u00e9 est d&rsquo;informer les utilisateurs de notre site des donn\u00e9es personnelles que nous recueillons ainsi que des informations suivantes, le cas \u00e9ch\u00e9ant :<\/p>\n<ol class=\" list-style-type-lower-alpha\" style=\"list-style: lower-alpha;\" start=\"1\">\n<li style=\"margin-bottom: 18.0pt;\" value=\"1\">Les donn\u00e9es personnelles que nous recueillerons<\/li>\n<li style=\"margin-bottom: 18.0pt;\" value=\"2\">L\u2019utilisation des donn\u00e9es recueillies<\/li>\n<li style=\"margin-bottom: 18.0pt;\" value=\"3\">Qui a acc\u00e8s aux donn\u00e9es recueillies<\/li>\n<li style=\"margin-bottom: 18.0pt;\" value=\"4\">Les droits des utilisateurs du site<\/li>\n<li style=\"margin-bottom: 0.0pt;\" value=\"5\">La politique de cookies du site<\/li>\n<\/ol>\n<p style=\"text-align: left;\">Cette politique de confidentialit\u00e9 s&rsquo;applique en compl\u00e9ment des <a href=\"https:\/\/hackathonfiam-ia.com\/fr\/conditions-generales\/\">conditions g\u00e9n\u00e9rales d\u2019utilisation<\/a> de notre site.<\/p>\n<p>&nbsp;<\/p>\n<p style=\"text-align: left;\"><strong><u>Lois applicables<\/u><\/strong><\/p>\n<p style=\"text-align: left;\">Cette politique est conforme aux lois \u00e9nonc\u00e9es dans la <em>Loi sur la protection des renseignements personnels et les documents \u00e9lectroniques<\/em> (LPRPDE) applicable au Canada. Pour les r\u00e9sidents du Qu\u00e9bec, cette politique de confidentialit\u00e9 vise \u00e0 se conformer \u00e0 <em>Loi sur la protection des renseignements personnels dans le secteur priv\u00e9<\/em>.<\/p>\n<p>Pour les r\u00e9sidents des pays de l\u2019UE, le <em>R\u00e8glement g\u00e9n\u00e9ral sur la protection des donn\u00e9es<\/em> (RGDP) r\u00e9git toutes les politiques de protection des donn\u00e9es, quel que soit l\u2019endroit o\u00f9 se trouve le site. La pr\u00e9sente politique de confidentialit\u00e9 vise \u00e0 se conformer au RGDP. S\u2019il y a des incoh\u00e9rences entre la pr\u00e9sente politique et le RGDP, le RGDP s\u2019appliquera.<\/p>\n<p style=\"text-align: left;\">Pour les r\u00e9sidents de l\u2019\u00c9tat de Californie, cette politique de confidentialit\u00e9 vise \u00e0 se conformer \u00e0 la <em>California Consumer Privacy Act (CCPA)<\/em>. S\u2019il y a des incoh\u00e9rences entre ce document et la <em>CCPA<\/em>, la l\u00e9gislation de l\u2019\u00c9tat s\u2019appliquera. Si nous constatons des incoh\u00e9rences, nous modifierons notre politique pour nous conformer \u00e0 la loi pertinente.<\/p>\n<p>&nbsp;<\/p>\n<p style=\"text-align: left;\"><strong><u>Consentement<\/u><\/strong><\/p>\n<p>Les utilisateurs conviennent qu\u2019en utilisant notre site, ils acceptent :<\/p>\n<ol class=\" list-style-type-lower-alpha\" style=\"list-style: lower-alpha;\" start=\"1\">\n<li style=\"margin-bottom: 18.0pt;\" value=\"1\">les conditions \u00e9nonc\u00e9es dans la pr\u00e9sente politique de confidentialit\u00e9 et<\/li>\n<li style=\"margin-bottom: 0.0pt;\" value=\"2\">la collecte, l\u2019utilisation et la conservation des donn\u00e9es \u00e9num\u00e9r\u00e9es dans la pr\u00e9sente politique.<\/li>\n<\/ol>\n<p>&nbsp;<\/p>\n<p style=\"text-align: left;\"><strong><u>Donn\u00e9es personnelles que nous collectons<\/u><\/strong><\/p>\n<div>\n<p style=\"text-align: left;\">Nous ne collectons, ne stockons, ni n&rsquo;utilisons aucune donn\u00e9e utilisateur sur notre site. Dans l&rsquo;\u00e9ventualit\u00e9 o\u00f9 nous aurions besoin de recueillir vos donn\u00e9es, nous vous en informerons \u00e0 l&rsquo;avance.<\/p>\n<\/div>\n<p>&nbsp;<\/p>\n<p style=\"text-align: left;\"><strong><u>Politique sur les t\u00e9moins<\/u><\/strong><\/p>\n<p>Un t\u00e9moins est un petit fichier stock\u00e9 sur le disque dur d\u2019un utilisateur par un site. Il permet de collecter des donn\u00e9es concernant les habitudes de navigation et les interactions de l\u2019utilisateur avec le site.<\/p>\n<p style=\"text-align: left;\">Nous utilisons les types de t\u00e9moins suivants sur notre site\u00a0:<\/p>\n<ol class=\" list-style-type-lower-alpha\" style=\"list-style: lower-alpha;\" start=\"1\">\n<li style=\"margin-bottom: 18.0pt;\" value=\"1\"><strong>T\u00e9moins fonctionnels<\/strong><br \/>\nNous les utilisons pour m\u00e9moriser toutes les s\u00e9lections que vous faites sur notre site afin qu\u2019elles soient sauvegard\u00e9es pour vos prochaines visites.<\/li>\n<li style=\"margin-bottom: 0.0pt;\" value=\"2\"><strong>T\u00e9moins analytiques<\/strong><br \/>\nCela nous permet d\u2019am\u00e9liorer la conception et la fonctionnalit\u00e9 de notre site en recueillant des donn\u00e9es sur le contenu auquel vous acc\u00e9dez et que vous consultez en utilisant notre site.<\/li>\n<\/ol>\n<p style=\"text-align: left;\">Vous pouvez choisir d\u2019\u00eatre averti chaque fois qu\u2019un t\u00e9moin est transmis ou de d\u00e9sactiver compl\u00e8tement les t\u00e9moins en modifiant les param\u00e8tres de votre navigateur Internet. Cependant, veuillez noter que cela pourrait affecter certaines fonctionnalit\u00e9s du site et diminuer la qualit\u00e9 de votre exp\u00e9rience utilisateur.<\/p>\n<p>&nbsp;<\/p>\n<p style=\"text-align: left;\"><strong><u>T\u00e9moins tiers<\/u><\/strong><\/p>\n<p>Nous pouvons utiliser des t\u00e9moins tiers sur notre site pour atteindre les objectifs suivants\u00a0:<\/p>\n<ol start=\"1\">\n<li style=\"margin-bottom: 0.0pt;\" value=\"1\">Statistique d&rsquo;achalandage<\/li>\n<\/ol>\n<p>&nbsp;<\/p>\n<p style=\"text-align: left;\"><strong><u>Modifications<\/u><\/strong><\/p>\n<p style=\"text-align: left;\">Cette politique de confidentialit\u00e9 peut \u00eatre modifi\u00e9e \u00e0 de temps \u00e0 autre afin de maintenir la conformit\u00e9 avec la loi et de tenir compte de tout changement \u00e0 notre processus de collecte de donn\u00e9es. Nous recommandons \u00e0 nos utilisateurs de v\u00e9rifier notre politique de confidentialit\u00e9 de temps \u00e0 autre pour s\u2019assurer qu\u2019ils soient inform\u00e9s de toute mise \u00e0 jour. Au besoin, nous pouvons informer les utilisateurs par courriel des changements apport\u00e9s \u00e0 cette politique.<\/p>\n<p>&nbsp;<\/p>\n<p style=\"text-align: left;\"><strong><u>Contact<\/u><\/strong><\/p>\n<p style=\"text-align: left;\">Si vous avez des questions \u00e0 nous poser, n\u2019h\u00e9sitez pas \u00e0 communiquer avec nous :<\/p>\n<p style=\"text-align: left;\">4590, boul. Saint-Laurent<br \/>\nMontr\u00e9al (Qu\u00e9bec) H2T 1R3<br \/>\n(514) 284-9696<br \/>\ninfo@hackathonfiam-ia.com<\/p>\n[\/vc_column_text][divider line_type=\u00a0\u00bbNo Line\u00a0\u00bb custom_height=\u00a0\u00bb100&Prime;][\/vc_column][\/vc_row]\n","protected":false},"excerpt":{"rendered":"<p>[vc_row type=\u00a0\u00bbin_container\u00a0\u00bb full_screen_row_position=\u00a0\u00bbmiddle\u00a0\u00bb column_margin=\u00a0\u00bbdefault\u00a0\u00bb column_direction=\u00a0\u00bbdefault\u00a0\u00bb column_direction_tablet=\u00a0\u00bbdefault\u00a0\u00bb column_direction_phone=\u00a0\u00bbdefault\u00a0\u00bb scene_position=\u00a0\u00bbcenter\u00a0\u00bb text_color=\u00a0\u00bbdark\u00a0\u00bb text_align=\u00a0\u00bbleft\u00a0\u00bb row_border_radius=\u00a0\u00bbnone\u00a0\u00bb row_border_radius_applies=\u00a0\u00bbbg\u00a0\u00bb overflow=\u00a0\u00bbvisible\u00a0\u00bb overlay_strength=\u00a0\u00bb0.3&Prime; gradient_direction=\u00a0\u00bbleft_to_right\u00a0\u00bb shape_divider_position=\u00a0\u00bbbottom\u00a0\u00bb bg_image_animation=\u00a0\u00bbnone\u00a0\u00bb][vc_column column_padding=\u00a0\u00bbno-extra-padding\u00a0\u00bb column_padding_tablet=\u00a0\u00bbinherit\u00a0\u00bb column_padding_phone=\u00a0\u00bbinherit\u00a0\u00bb column_padding_position=\u00a0\u00bball\u00a0\u00bb column_element_direction_desktop=\u00a0\u00bbdefault\u00a0\u00bb column_element_spacing=\u00a0\u00bbdefault\u00a0\u00bb desktop_text_alignment=\u00a0\u00bbdefault\u00a0\u00bb tablet_text_alignment=\u00a0\u00bbdefault\u00a0\u00bb phone_text_alignment=\u00a0\u00bbdefault\u00a0\u00bb background_color_opacity=\u00a0\u00bb1&Prime; background_hover_color_opacity=\u00a0\u00bb1&Prime; column_backdrop_filter=\u00a0\u00bbnone\u00a0\u00bb column_shadow=\u00a0\u00bbnone\u00a0\u00bb column_border_radius=\u00a0\u00bbnone\u00a0\u00bb column_link_target=\u00a0\u00bb_self\u00a0\u00bb column_position=\u00a0\u00bbdefault\u00a0\u00bb gradient_direction=\u00a0\u00bbleft_to_right\u00a0\u00bb overlay_strength=\u00a0\u00bb0.3&Prime; width=\u00a0\u00bb5\/6&Prime; tablet_width_inherit=\u00a0\u00bbdefault\u00a0\u00bb animation_type=\u00a0\u00bbdefault\u00a0\u00bb bg_image_animation=\u00a0\u00bbnone\u00a0\u00bb border_type=\u00a0\u00bbsimple\u00a0\u00bb column_border_width=\u00a0\u00bbnone\u00a0\u00bb column_border_style=\u00a0\u00bbsolid\u00a0\u00bb column_padding_type=\u00a0\u00bbdefault\u00a0\u00bb gradient_type=\u00a0\u00bbdefault\u00a0\u00bb offset=\u00a0\u00bbvc_col-sm-offset-1&Prime;][divider line_type=\u00a0\u00bbNo Line\u00a0\u00bb custom_height=\u00a0\u00bb100&Prime;][vc_custom_heading text=\u00a0\u00bbPolitique de&#8230;<\/p>\n","protected":false},"author":1,"featured_media":0,"parent":0,"menu_order":0,"comment_status":"closed","ping_status":"closed","template":"","meta":{"_eb_attr":"","footnotes":""},"class_list":["post-861","page","type-page","status-publish"],"_links":{"self":[{"href":"https:\/\/hackathonfiam-ia.com\/fr\/wp-json\/wp\/v2\/pages\/861","targetHints":{"allow":["GET"]}}],"collection":[{"href":"https:\/\/hackathonfiam-ia.com\/fr\/wp-json\/wp\/v2\/pages"}],"about":[{"href":"https:\/\/hackathonfiam-ia.com\/fr\/wp-json\/wp\/v2\/types\/page"}],"author":[{"embeddable":true,"href":"https:\/\/hackathonfiam-ia.com\/fr\/wp-json\/wp\/v2\/users\/1"}],"replies":[{"embeddable":true,"href":"https:\/\/hackathonfiam-ia.com\/fr\/wp-json\/wp\/v2\/comments?post=861"}],"version-history":[{"count":0,"href":"https:\/\/hackathonfiam-ia.com\/fr\/wp-json\/wp\/v2\/pages\/861\/revisions"}],"wp:attachment":[{"href":"https:\/\/hackathonfiam-ia.com\/fr\/wp-json\/wp\/v2\/media?parent=861"}],"curies":[{"name":"wp","href":"https:\/\/api.w.org\/{rel}","templated":true}]}}